
{"id":88,"date":"2010-01-17T00:04:20","date_gmt":"2010-01-16T23:04:20","guid":{"rendered":"http:\/\/4koenigs.de\/julia\/bilderwelt\/?page_id=88"},"modified":"2012-07-30T09:17:49","modified_gmt":"2012-07-30T08:17:49","slug":"impressum","status":"publish","type":"page","link":"https:\/\/4koenigs.de\/julia\/bilderwelt\/impressum\/","title":{"rendered":"Impressum"},"content":{"rendered":"<h2 style=\"text-align: left;\"><span style=\"text-decoration: underline;\">Impressum<\/span><\/h2>\n<p>Kontakt:<\/p>\n<p style=\"text-align: left;\"><a class=\"aligncenter\" title=\"Mail Me\" href=\"http:\/\/4koenigs.de\/julia\/mail_plus.php\" target=\"_blank\">Julia K\u00f6nig<\/a><\/p>\n<p><strong>Haftungshinweis:<\/strong><\/p>\n<p>Die gesamte Internetpr\u00e4sentation ist urheberrechtlich gesch\u00fctzt, soweit sich aus dem Urheberrechtsgesetz und sonstigen Vorschriften nichts anderes ergibt.<\/p>\n<p>Trotz sorgf\u00e4ltiger inhaltlicher Kontrolle \u00fcbernehme ich keine Haftung f\u00fcr die Inhalte externer Links. F\u00fcr den Inhalt der verlinkten Seiten sind ausschlie\u00dflich deren Betreiber verantwortlich.<\/p>\n<p><span>Alle innerhalb des Internetangebotes genannten und ggf. durch Dritte gesch\u00fctzten Marken- und Warenzeichen unterliegen uneingeschr\u00e4nkt den Bestimmungen des jeweils g\u00fcltigen Kennzeichenrechts und den Besitzrechten der jeweiligen eingetragenen Eigent\u00fcmer. Allein aufgrund der blo\u00dfen Nennung ist nicht der Schluss zu ziehen, dass Markenzeichen nicht durch Rechte Dritter gesch\u00fctzt sind! Das Copyright f\u00fcr ver\u00f6ffentlichte, vom Autor selbst erstellte Objekte bleibt allein beim Autor der Seiten. Eine Vervielf\u00e4ltigung oder Verwendung solcher Grafiken, Tondokumente, Videosequenzen und Texte in anderen elektronischen oder gedruckten Publikationen ist ohne ausdr\u00fcckliche Zustimmung des Autors nicht gestattet.<br \/>\n<\/span><br \/>\nJede Verwertung ist ohne schriftliche Zustimmung unzul\u00e4ssig.<\/p>\n<p>Dies gilt insbesondere f\u00fcr Vervielf\u00e4ltigungen, \u00dcbersetzungen, Mikroverfilmungen und die Einspeicherung und Verarbeitung in elektronischen Systemen.<\/p>\n","protected":false},"excerpt":{"rendered":"<p>Impressum Kontakt: Julia K\u00f6nig Haftungshinweis: Die gesamte Internetpr\u00e4sentation ist urheberrechtlich gesch\u00fctzt, soweit sich aus dem Urheberrechtsgesetz und sonstigen Vorschriften nichts anderes ergibt. Trotz sorgf\u00e4ltiger inhaltlicher Kontrolle \u00fcbernehme ich keine Haftung f\u00fcr die Inhalte externer Links. F\u00fcr den Inhalt der verlinkten Seiten sind ausschlie\u00dflich deren Betreiber verantwortlich. Alle innerhalb des Internetangebotes genannten und ggf. durch Dritte [&hellip;]<\/p>\n","protected":false},"author":2,"featured_media":0,"parent":0,"menu_order":0,"comment_status":"closed","ping_status":"closed","template":"","meta":{"ngg_post_thumbnail":0,"footnotes":""},"class_list":["post-88","page","type-page","status-publish","hentry"],"_links":{"self":[{"href":"https:\/\/4koenigs.de\/julia\/bilderwelt\/wp-json\/wp\/v2\/pages\/88","targetHints":{"allow":["GET"]}}],"collection":[{"href":"https:\/\/4koenigs.de\/julia\/bilderwelt\/wp-json\/wp\/v2\/pages"}],"about":[{"href":"https:\/\/4koenigs.de\/julia\/bilderwelt\/wp-json\/wp\/v2\/types\/page"}],"author":[{"embeddable":true,"href":"https:\/\/4koenigs.de\/julia\/bilderwelt\/wp-json\/wp\/v2\/users\/2"}],"replies":[{"embeddable":true,"href":"https:\/\/4koenigs.de\/julia\/bilderwelt\/wp-json\/wp\/v2\/comments?post=88"}],"version-history":[{"count":21,"href":"https:\/\/4koenigs.de\/julia\/bilderwelt\/wp-json\/wp\/v2\/pages\/88\/revisions"}],"predecessor-version":[{"id":143,"href":"https:\/\/4koenigs.de\/julia\/bilderwelt\/wp-json\/wp\/v2\/pages\/88\/revisions\/143"}],"wp:attachment":[{"href":"https:\/\/4koenigs.de\/julia\/bilderwelt\/wp-json\/wp\/v2\/media?parent=88"}],"curies":[{"name":"wp","href":"https:\/\/api.w.org\/{rel}","templated":true}]}}